{"id":542,"date":"2023-10-30T14:26:31","date_gmt":"2023-10-30T13:26:31","guid":{"rendered":"https:\/\/www.poletzbalonom.si\/?post_type=product&#038;p=542"},"modified":"2026-02-08T10:16:14","modified_gmt":"2026-02-08T09:16:14","slug":"sampanjski-polet-za-2-osebi","status":"publish","type":"product","link":"https:\/\/www.poletzbalonom.si\/it\/darilni-bon\/sampanjski-polet-za-2-osebi\/","title":{"rendered":"VIP \u0161ampanjski polet za 2 osebi"},"content":{"rendered":"<p>Darilni bon za &#8220;\u0161ampanjski polet&#8221; z balonom za dve osebi<\/p>\n<ul>\n<li>polet \u010dez mesto ali 1 uro<\/li>\n<li>postre\u017eena penina med poletom<\/li>\n<li>balonarski krst<\/li>\n<li>podelitev baronskega naziva oz. podelitev diplome<\/li>\n<li>penina<\/li>\n<li>zavarovanje<\/li>\n<li>prevoz<\/li>\n<\/ul>\n<p>Darilni bon vsebuje potrebne podatke za kontakt, obdarovanec nas pokli\u010de in uskladimo termin poleta.<\/p>\n<p>Svetujemo, da si pozorno preberete tudi <a href=\"https:\/\/www.poletzbalonom.si\/splosni-pogoji\/\">Splo\u0161ne pogoje poslovanja<\/a><\/p>\n","protected":false},"excerpt":{"rendered":"<p>\u0160ampanjski polet velja za &#8220;paradnega konja&#8221; poleta z balonom. Polet velja za 2 osebi, ki sta sami v ko\u0161ari s pilotom. Pri navadnem poletu namre\u010d mi poskrbimo za dodatne potnike, da je ko\u0161ara popolnjena, tukaj pa sta sama.<\/p>\n<p>Med poletom postre\u017eemo penino na\u0161ega pilota pa lahko povpra\u0161ate vse kar vas zanima o balonarstvu. No, tudi druga\u010de smo zelo komunikativni, tukaj pa le gre za bolj oseben pristop.<\/p>\n<p>V letu 2023 smo imeli kar 4 zaroke ravno med \u0161ampanjskim poletom.<\/p>\n<p><strong>Ob prijavi na polet, lahko imetniki darilnega bona izbirajo med poletom v Celju ali na Ptuju.<\/strong><\/p>\n","protected":false},"featured_media":9476,"template":"","meta":{"_acf_changed":false},"product_brand":[],"product_cat":[16],"product_tag":[],"class_list":{"0":"post-542","1":"product","2":"type-product","3":"status-publish","4":"has-post-thumbnail","6":"product_cat-darilni-bon","7":"description-off","9":"first","10":"instock","11":"shipping-taxable","12":"purchasable","13":"product-type-variable","14":"has-default-attributes"},"acf":[],"_links":{"self":[{"href":"https:\/\/www.poletzbalonom.si\/it\/wp-json\/wp\/v2\/product\/542","targetHints":{"allow":["GET"]}}],"collection":[{"href":"https:\/\/www.poletzbalonom.si\/it\/wp-json\/wp\/v2\/product"}],"about":[{"href":"https:\/\/www.poletzbalonom.si\/it\/wp-json\/wp\/v2\/types\/product"}],"wp:featuredmedia":[{"embeddable":true,"href":"https:\/\/www.poletzbalonom.si\/it\/wp-json\/wp\/v2\/media\/9476"}],"wp:attachment":[{"href":"https:\/\/www.poletzbalonom.si\/it\/wp-json\/wp\/v2\/media?parent=542"}],"wp:term":[{"taxonomy":"product_brand","embeddable":true,"href":"https:\/\/www.poletzbalonom.si\/it\/wp-json\/wp\/v2\/product_brand?post=542"},{"taxonomy":"product_cat","embeddable":true,"href":"https:\/\/www.poletzbalonom.si\/it\/wp-json\/wp\/v2\/product_cat?post=542"},{"taxonomy":"product_tag","embeddable":true,"href":"https:\/\/www.poletzbalonom.si\/it\/wp-json\/wp\/v2\/product_tag?post=542"}],"curies":[{"name":"wp","href":"https:\/\/api.w.org\/{rel}","templated":true}]}}