{"id":127,"date":"2023-10-23T22:44:32","date_gmt":"2023-10-23T20:44:32","guid":{"rendered":"https:\/\/www.poletzbalonom.si\/?post_type=product&#038;p=127"},"modified":"2026-01-02T09:45:44","modified_gmt":"2026-01-02T08:45:44","slug":"darilni-bon-za-polet-z-balonom","status":"publish","type":"product","link":"https:\/\/www.poletzbalonom.si\/it\/darilni-bon\/darilni-bon-za-polet-z-balonom\/","title":{"rendered":"Polet z balonom za 1 osebo"},"content":{"rendered":"<p>Darilni bon za polet z balonom za eno osebo vsebuje:<\/p>\n<ul>\n<li>polet \u010dez mesto ali 1 uro<\/li>\n<li>balonarski krst<\/li>\n<li>podelitev baronskega naziva oz. podelitev diplome<\/li>\n<li>penina<\/li>\n<li>zavarovanje<\/li>\n<li>prevoz<\/li>\n<\/ul>\n<p>Darilni bon vsebuje potrebne podatke za kontakt, obdarovanec nas pokli\u010de in uskladimo termin poleta. V primeru, da ima samo en darilni bon, ga priklju\u010dimo ostalim potnikom v ko\u0161ari.<\/p>\n<p>Mo\u017eno je dopla\u010dilo poleta za drugo ali tretjo osebo tudi na licu mesta (gotovina, kreditna kartica), kar dogovorimo ob uskladitvi termina.<\/p>\n<p>Svetujemo, da si pozorno preberete tudi <a href=\"https:\/\/www.poletzbalonom.si\/splosni-pogoji\/\">Splo\u0161ne pogoje poslovanja<\/a><\/p>\n","protected":false},"excerpt":{"rendered":"<p>Prosimo izberite posamezne mo\u017enosti, ki vam jih ponujamo, ter sledite postopku nakupa.<br \/>\nOb izbiri termina (po telefonu) oz. prijavi na polet, lahko prejemnik darilnega bona izbere tudi lokacijo poleta &#8211; <strong>CELJE<\/strong> ali <strong>PTUJ<\/strong><\/p>\n","protected":false},"featured_media":9464,"template":"","meta":{"_acf_changed":false},"product_brand":[],"product_cat":[16],"product_tag":[],"class_list":{"0":"post-127","1":"product","2":"type-product","3":"status-publish","4":"has-post-thumbnail","6":"product_cat-darilni-bon","7":"description-off","9":"first","10":"instock","11":"shipping-taxable","12":"purchasable","13":"product-type-variable","14":"has-default-attributes"},"acf":[],"_links":{"self":[{"href":"https:\/\/www.poletzbalonom.si\/it\/wp-json\/wp\/v2\/product\/127","targetHints":{"allow":["GET"]}}],"collection":[{"href":"https:\/\/www.poletzbalonom.si\/it\/wp-json\/wp\/v2\/product"}],"about":[{"href":"https:\/\/www.poletzbalonom.si\/it\/wp-json\/wp\/v2\/types\/product"}],"wp:featuredmedia":[{"embeddable":true,"href":"https:\/\/www.poletzbalonom.si\/it\/wp-json\/wp\/v2\/media\/9464"}],"wp:attachment":[{"href":"https:\/\/www.poletzbalonom.si\/it\/wp-json\/wp\/v2\/media?parent=127"}],"wp:term":[{"taxonomy":"product_brand","embeddable":true,"href":"https:\/\/www.poletzbalonom.si\/it\/wp-json\/wp\/v2\/product_brand?post=127"},{"taxonomy":"product_cat","embeddable":true,"href":"https:\/\/www.poletzbalonom.si\/it\/wp-json\/wp\/v2\/product_cat?post=127"},{"taxonomy":"product_tag","embeddable":true,"href":"https:\/\/www.poletzbalonom.si\/it\/wp-json\/wp\/v2\/product_tag?post=127"}],"curies":[{"name":"wp","href":"https:\/\/api.w.org\/{rel}","templated":true}]}}