{"id":12628,"date":"2026-02-08T10:17:04","date_gmt":"2026-02-08T09:17:04","guid":{"rendered":"https:\/\/www.poletzbalonom.si\/?post_type=product&#038;p=12628"},"modified":"2026-02-08T10:39:27","modified_gmt":"2026-02-08T09:39:27","slug":"paketi","status":"publish","type":"product","link":"https:\/\/www.poletzbalonom.si\/hr\/darilni-bon\/paketi\/","title":{"rendered":"Paketi"},"content":{"rendered":"<p>Paket poklon bon za let balonom na vru\u0107i zrak uklju\u010duje:<\/p>\n<ul>\n<li>let preko grada ili 1 sat<\/li>\n<li>kr\u0161tenje balonom<\/li>\n<li>dodjela baronske titule ili dodjela diplome<\/li>\n<li>pjenu\u0161avo vino<\/li>\n<li>osiguranje<\/li>\n<li>prijevoz<\/li>\n<\/ul>\n<p>Poklon bon sadr\u017ei potrebne kontakt podatke, primatelj nas zove i mi dogovaramo datum leta.<\/p>\n<p>Mogu\u0107e je platiti let za drugu ili tre\u0107u osobu na licu mjesta (gotovinom, kreditnom karticom), \u0161to \u0107emo dogovoriti prilikom uskla\u0111ivanja datuma.<\/p>\n<p>Tako\u0111er vam savjetujemo da pa\u017eljivo pro\u010ditate <a href=\"https:\/\/www.poletzbalonom.si\/splosni-pogoji\/\">Op\u0107e uvjete poslovanja.<\/a><\/p>\n","protected":false},"excerpt":{"rendered":"<p>Molimo odaberite pojedina\u010dne opcije koje nudimo i slijedite postupak kupnje.<\/p>\n<p>Prijemnik poklon bona mo\u017ee, kod rezervacije termina, da bira mjesto leta balonom &#8211; CELJE ili PTUJ<\/p>\n","protected":false},"featured_media":9465,"template":"","meta":{"_acf_changed":false},"product_brand":[],"product_cat":[80],"product_tag":[],"class_list":{"0":"post-12628","1":"product","2":"type-product","3":"status-publish","4":"has-post-thumbnail","6":"product_cat-darilni-bon-hr","7":"description-off","9":"first","10":"instock","11":"shipping-taxable","12":"purchasable","13":"product-type-variable","14":"has-default-attributes"},"acf":[],"_links":{"self":[{"href":"https:\/\/www.poletzbalonom.si\/hr\/wp-json\/wp\/v2\/product\/12628","targetHints":{"allow":["GET"]}}],"collection":[{"href":"https:\/\/www.poletzbalonom.si\/hr\/wp-json\/wp\/v2\/product"}],"about":[{"href":"https:\/\/www.poletzbalonom.si\/hr\/wp-json\/wp\/v2\/types\/product"}],"wp:featuredmedia":[{"embeddable":true,"href":"https:\/\/www.poletzbalonom.si\/hr\/wp-json\/wp\/v2\/media\/9465"}],"wp:attachment":[{"href":"https:\/\/www.poletzbalonom.si\/hr\/wp-json\/wp\/v2\/media?parent=12628"}],"wp:term":[{"taxonomy":"product_brand","embeddable":true,"href":"https:\/\/www.poletzbalonom.si\/hr\/wp-json\/wp\/v2\/product_brand?post=12628"},{"taxonomy":"product_cat","embeddable":true,"href":"https:\/\/www.poletzbalonom.si\/hr\/wp-json\/wp\/v2\/product_cat?post=12628"},{"taxonomy":"product_tag","embeddable":true,"href":"https:\/\/www.poletzbalonom.si\/hr\/wp-json\/wp\/v2\/product_tag?post=12628"}],"curies":[{"name":"wp","href":"https:\/\/api.w.org\/{rel}","templated":true}]}}