{"id":11465,"date":"2023-10-30T14:26:31","date_gmt":"2023-10-30T13:26:31","guid":{"rendered":"https:\/\/www.poletzbalonom.si\/darilni-bon\/vip-sampanjski-let-balonom-za-2-osobe\/"},"modified":"2025-10-05T14:31:57","modified_gmt":"2025-10-05T12:31:57","slug":"vip-sampanjski-let-balonom-za-2-osobe","status":"publish","type":"product","link":"https:\/\/www.poletzbalonom.si\/hr\/darilni-bon\/vip-sampanjski-let-balonom-za-2-osobe\/","title":{"rendered":"VIP \u0161ampanjski let balonom za 2 osobe"},"content":{"rendered":"","protected":false},"excerpt":{"rendered":"<p>\u0160ampanjski let balonom smatra se VIP let balonom. Let je za 2 osobe, koje su same u ko\u0161ari s pilotom. U redovnom letu brinemo se o dodatnim putnicima kako bi ko\u0161ara bila puna, ali ovdje ste sami.<\/p>\n<p>Tijekom leta poslu\u017eujemo pjenu\u0161avo vino a \u0161o\u010dpt vam stoji na razpolaganju i mo\u017eete ga pitati \u0161to god \u017eelite o balonarenju. Op\u010denito smo vrlo smo komunikativni i na druge na\u010dine, ali ovdje je to samo osobniji pristup.<\/p>\n<p>U 2023. godini imali smo 4 zaruke tijekom \u0161ampanjskog leta balonom.<\/p>\n","protected":false},"featured_media":9477,"template":"","meta":{"_acf_changed":false},"product_brand":[],"product_cat":[80],"product_tag":[],"class_list":{"0":"post-11465","1":"product","2":"type-product","3":"status-publish","4":"has-post-thumbnail","6":"product_cat-darilni-bon-hr","7":"description-off","9":"first","10":"instock","11":"shipping-taxable","12":"purchasable","13":"product-type-variable","14":"has-default-attributes"},"acf":[],"_links":{"self":[{"href":"https:\/\/www.poletzbalonom.si\/hr\/wp-json\/wp\/v2\/product\/11465","targetHints":{"allow":["GET"]}}],"collection":[{"href":"https:\/\/www.poletzbalonom.si\/hr\/wp-json\/wp\/v2\/product"}],"about":[{"href":"https:\/\/www.poletzbalonom.si\/hr\/wp-json\/wp\/v2\/types\/product"}],"wp:featuredmedia":[{"embeddable":true,"href":"https:\/\/www.poletzbalonom.si\/hr\/wp-json\/wp\/v2\/media\/9477"}],"wp:attachment":[{"href":"https:\/\/www.poletzbalonom.si\/hr\/wp-json\/wp\/v2\/media?parent=11465"}],"wp:term":[{"taxonomy":"product_brand","embeddable":true,"href":"https:\/\/www.poletzbalonom.si\/hr\/wp-json\/wp\/v2\/product_brand?post=11465"},{"taxonomy":"product_cat","embeddable":true,"href":"https:\/\/www.poletzbalonom.si\/hr\/wp-json\/wp\/v2\/product_cat?post=11465"},{"taxonomy":"product_tag","embeddable":true,"href":"https:\/\/www.poletzbalonom.si\/hr\/wp-json\/wp\/v2\/product_tag?post=11465"}],"curies":[{"name":"wp","href":"https:\/\/api.w.org\/{rel}","templated":true}]}}