{"id":11404,"date":"2025-08-18T15:04:31","date_gmt":"2025-08-18T13:04:31","guid":{"rendered":"https:\/\/www.poletzbalonom.si\/?post_type=product&#038;p=11404"},"modified":"2025-09-24T07:48:06","modified_gmt":"2025-09-24T05:48:06","slug":"let-balonom-za-1-osobu-kopija","status":"publish","type":"product","link":"https:\/\/www.poletzbalonom.si\/hr\/darilni-bon\/let-balonom-za-1-osobu-kopija\/","title":{"rendered":"Let balonom za 1 osobu"},"content":{"rendered":"<p>Darilni bon za let balonom za jednu osobu uklju\u010duje:<\/p>\n<ul>\n<li>let iznad grada ili 1 sat<\/li>\n<li>balona\u0161ki krst<\/li>\n<li>diploma<\/li>\n<li>\u0161ampanjac<\/li>\n<li>osiguranje<\/li>\n<li>prijevoz<\/li>\n<\/ul>\n<p>Poklon bon sadr\u017ei potrebne kontakt podatke, primatelj nas zove i dogovaramo termin leta. Ukoliko ima samo jedan poklon bon, dodajemo ga ostalim putnicima u ko\u0161arici.<\/p>\n<p>Mogu\u0107e je doplatiti let za drugu ili tre\u0107u osobu i na licu mjesta, \u0161to dogovaramo prilikom usugla\u0161avanja termina.<\/p>\n<p>Tako\u0111er preporu\u010dujemo da pa\u017eljivo pro\u010ditate Op\u0107e uvjete poslovanja<\/p>\n","protected":false},"excerpt":{"rendered":"<p>Za kupnju odaberite opcije u nastavku. Opisi dodatnih opcija mogu se prona\u0107i u donjim karticama.<\/p>\n","protected":false},"featured_media":9465,"template":"","meta":{"_acf_changed":false},"product_brand":[],"product_cat":[80],"product_tag":[],"class_list":{"0":"post-11404","1":"product","2":"type-product","3":"status-publish","4":"has-post-thumbnail","6":"product_cat-darilni-bon-hr","7":"description-off","9":"first","10":"instock","11":"shipping-taxable","12":"purchasable","13":"product-type-variable"},"acf":[],"_links":{"self":[{"href":"https:\/\/www.poletzbalonom.si\/hr\/wp-json\/wp\/v2\/product\/11404","targetHints":{"allow":["GET"]}}],"collection":[{"href":"https:\/\/www.poletzbalonom.si\/hr\/wp-json\/wp\/v2\/product"}],"about":[{"href":"https:\/\/www.poletzbalonom.si\/hr\/wp-json\/wp\/v2\/types\/product"}],"wp:featuredmedia":[{"embeddable":true,"href":"https:\/\/www.poletzbalonom.si\/hr\/wp-json\/wp\/v2\/media\/9465"}],"wp:attachment":[{"href":"https:\/\/www.poletzbalonom.si\/hr\/wp-json\/wp\/v2\/media?parent=11404"}],"wp:term":[{"taxonomy":"product_brand","embeddable":true,"href":"https:\/\/www.poletzbalonom.si\/hr\/wp-json\/wp\/v2\/product_brand?post=11404"},{"taxonomy":"product_cat","embeddable":true,"href":"https:\/\/www.poletzbalonom.si\/hr\/wp-json\/wp\/v2\/product_cat?post=11404"},{"taxonomy":"product_tag","embeddable":true,"href":"https:\/\/www.poletzbalonom.si\/hr\/wp-json\/wp\/v2\/product_tag?post=11404"}],"curies":[{"name":"wp","href":"https:\/\/api.w.org\/{rel}","templated":true}]}}