{"id":11350,"date":"2023-12-16T16:10:14","date_gmt":"2023-12-16T15:10:14","guid":{"rendered":"https:\/\/www.poletzbalonom.si\/registracija-na-let-balonom\/"},"modified":"2025-08-06T16:12:50","modified_gmt":"2025-08-06T14:12:50","slug":"registracija","status":"publish","type":"page","link":"https:\/\/www.poletzbalonom.si\/hr\/registracija\/","title":{"rendered":"Registracija na let balonom"},"content":{"rendered":"\t\t<div data-elementor-type=\"wp-page\" data-elementor-id=\"11350\" class=\"elementor elementor-11350 elementor-828\" data-elementor-post-type=\"page\">\n\t\t\t\t<div class=\"elementor-element elementor-element-bbc6a68 e-flex e-con-boxed e-con e-parent\" data-id=\"bbc6a68\" data-element_type=\"container\">\n\t\t\t\t\t<div class=\"e-con-inner\">\n\t\t<div class=\"elementor-element elementor-element-e680306 e-con-full e-flex e-con e-child\" data-id=\"e680306\" data-element_type=\"container\">\n\t\t<div class=\"elementor-element elementor-element-8c8edde e-con-full e-flex e-con e-child\" data-id=\"8c8edde\" data-element_type=\"container\">\n\t\t\t\t<div class=\"elementor-element elementor-element-d4d3599 elementor-widget elementor-widget-text-editor\" data-id=\"d4d3599\" data-element_type=\"widget\" data-widget_type=\"text-editor.default\">\n\t\t\t\t<div class=\"elementor-widget-container\">\n\t\t\t\t\t\t\t\t\t<p>Pred vama je obrazac ili registracija na let balonom. Molimo vas, da ispunite prijavu prema uputama u SMS-u ili e-poruci koju smo vam poslali.<\/p>\n<p>Podaci \u0107e se koristiti u &#8220;Registraciji na let balonom&#8221;, koju moramo ispuniti prije svakog leta s CAA (Upravom za civilno zrakoplovstvo) i pohranjuju se isklju\u010divo u svrhu same prijave.<\/p>\n<p>Prijavnica je namijenjena samo putnicima koji su primili potvrdu leta putem SMS-a.<\/p>\n<p>*ako nemate poklon bon i prijavljujete se na temelju telefonskog razgovora ili u zadnji \u010das, unesite 0000<\/p>\n\t\t\t\t\t\t\t\t<\/div>\n\t\t\t\t<\/div>\n\t\t\t\t<\/div>\n\t\t\t\t<\/div>\n\t\t\t\t<div class=\"elementor-element elementor-element-bc488b9 elementor-widget elementor-widget-spacer\" data-id=\"bc488b9\" data-element_type=\"widget\" data-widget_type=\"spacer.default\">\n\t\t\t\t<div class=\"elementor-widget-container\">\n\t\t\t\t\t\t\t<div class=\"elementor-spacer\">\n\t\t\t<div class=\"elementor-spacer-inner\"><\/div>\n\t\t<\/div>\n\t\t\t\t\t\t<\/div>\n\t\t\t\t<\/div>\n\t\t\t\t\t<\/div>\n\t\t\t\t<\/div>\n\t\t<div class=\"elementor-element elementor-element-86c7845 e-flex e-con-boxed e-con e-parent\" data-id=\"86c7845\" data-element_type=\"container\">\n\t\t\t\t\t<div class=\"e-con-inner\">\n\t\t\t\t<div class=\"elementor-element elementor-element-b00ccb2 elementor-button-align-center elementor-widget elementor-widget-form\" data-id=\"b00ccb2\" data-element_type=\"widget\" data-settings=\"{&quot;step_next_label&quot;:&quot;Next&quot;,&quot;step_previous_label&quot;:&quot;Previous&quot;,&quot;button_width&quot;:&quot;100&quot;,&quot;step_type&quot;:&quot;number_text&quot;,&quot;step_icon_shape&quot;:&quot;circle&quot;}\" data-widget_type=\"form.default\">\n\t\t\t\t<div class=\"elementor-widget-container\">\n\t\t\t\t\t\t\t<form class=\"elementor-form\" method=\"post\" name=\"Registracija\" aria-label=\"Registracija\" novalidate=\"\">\n\t\t\t<input type=\"hidden\" name=\"post_id\" value=\"11350\"\/>\n\t\t\t<input type=\"hidden\" name=\"form_id\" value=\"b00ccb2\"\/>\n\t\t\t<input type=\"hidden\" name=\"referer_title\" value=\"\" \/>\n\n\t\t\t\n\t\t\t<div class=\"elementor-form-fields-wrapper elementor-labels-above\">\n\t\t\t\t\t\t\t\t<div class=\"elementor-field-type-date elementor-field-group elementor-column elementor-field-group-name elementor-col-50 elementor-field-required\">\n\t\t\t\t\t\t\t\t\t\t\t\t<label for=\"form-field-name\" class=\"elementor-field-label\">\n\t\t\t\t\t\t\t\tDatum leta balonom\t\t\t\t\t\t\t<\/label>\n\t\t\t\t\t\t\n\t\t<input type=\"date\" name=\"form_fields[name]\" id=\"form-field-name\" class=\"elementor-field elementor-size-sm  elementor-field-textual elementor-date-field\" required=\"required\" pattern=\"[0-9]{4}-[0-9]{2}-[0-9]{2}\">\n\t\t\t\t\t\t<\/div>\n\t\t\t\t\t\t\t\t<div class=\"elementor-field-type-select elementor-field-group elementor-column elementor-field-group-field_ef0917a elementor-col-50 elementor-field-required\">\n\t\t\t\t\t\t\t\t\t\t\t\t<label for=\"form-field-field_ef0917a\" class=\"elementor-field-label\">\n\t\t\t\t\t\t\t\tMjesto leta balonom\t\t\t\t\t\t\t<\/label>\n\t\t\t\t\t\t\t\t<div class=\"elementor-field elementor-select-wrapper remove-before \">\n\t\t\t<div class=\"select-caret-down-wrapper\">\n\t\t\t\t<i aria-hidden=\"true\" class=\"eicon-caret-down\"><\/i>\t\t\t<\/div>\n\t\t\t<select name=\"form_fields[field_ef0917a]\" id=\"form-field-field_ef0917a\" class=\"elementor-field-textual elementor-size-sm\" required=\"required\">\n\t\t\t\t\t\t\t\t\t<option value=\"- izaberite mjesto \">- izaberite mjesto <\/option>\n\t\t\t\t\t\t\t\t\t<option value=\"Celje\">Celje<\/option>\n\t\t\t\t\t\t\t\t\t<option value=\"Ptuj\">Ptuj<\/option>\n\t\t\t\t\t\t\t\t\t<option value=\"Murska Sobota\">Murska Sobota<\/option>\n\t\t\t\t\t\t\t<\/select>\n\t\t<\/div>\n\t\t\t\t\t\t<\/div>\n\t\t\t\t\t\t\t\t<div class=\"elementor-field-type-repeater_start elementor-field-group elementor-column elementor-field-group-field_dd8428d elementor-col-100\">\n\t\t\t\t\t\t\t<div class=\"elementor-field-repeater-start\" >\n\t\t\t<textarea class=\"repeater-field-header-data hidden\"><div class=\"repeater-field-header\">\n\t\t\t\t<div class=\"repeater-field-header-title\">Potnik <span class=\"repeater-field-header-count\">1<\/span><\/div>\n\t\t\t\t<div class=\"repeater-field-header-acctions\">\n\t\t\t\t\t<ul>\n\t\t\t\t\t\t<li><i class=\"repeater-icon icon-down-open repeater-field-header-acctions-toogle\" aria-hidden=\"true\"><\/i><\/li>\n\t\t\t\t\t\t<li><i class=\"repeater-icon icon-cancel-1 repeater-field-header-acctions-remove\" aria-hidden=\"true\"><\/i><\/li>\n\t\t\t\t\t<\/ul>\n\t\t\t\t<\/div>\n\t\t\t<\/div><\/textarea>\n\t\t<\/div>\n\t\t\t\t\t\t<\/div>\n\t\t\t\t\t\t\t\t<div class=\"elementor-field-type-text elementor-field-group elementor-column elementor-field-group-field_d03de8f elementor-col-25 elementor-field-required\">\n\t\t\t\t\t\t\t\t\t\t\t\t<label for=\"form-field-field_d03de8f\" class=\"elementor-field-label\">\n\t\t\t\t\t\t\t\tIme i prezime\t\t\t\t\t\t\t<\/label>\n\t\t\t\t\t\t\t\t\t\t\t\t\t\t<input size=\"1\" type=\"text\" name=\"form_fields[field_d03de8f]\" id=\"form-field-field_d03de8f\" class=\"elementor-field elementor-size-sm  elementor-field-textual\" required=\"required\">\n\t\t\t\t\t\t\t\t\t\t\t<\/div>\n\t\t\t\t\t\t\t\t<div class=\"elementor-field-type-text elementor-field-group elementor-column elementor-field-group-field_dff0fb4 elementor-col-25 elementor-field-required\">\n\t\t\t\t\t\t\t\t\t\t\t\t<label for=\"form-field-field_dff0fb4\" class=\"elementor-field-label\">\n\t\t\t\t\t\t\t\tGSM\t\t\t\t\t\t\t<\/label>\n\t\t\t\t\t\t\t\t\t\t\t\t\t\t<input size=\"1\" type=\"text\" name=\"form_fields[field_dff0fb4]\" id=\"form-field-field_dff0fb4\" class=\"elementor-field elementor-size-sm  elementor-field-textual\" required=\"required\">\n\t\t\t\t\t\t\t\t\t\t\t<\/div>\n\t\t\t\t\t\t\t\t<div class=\"elementor-field-type-number elementor-field-group elementor-column elementor-field-group-field_cc4cbf3 elementor-col-25 elementor-field-required\">\n\t\t\t\t\t\t\t\t\t\t\t\t<label for=\"form-field-field_cc4cbf3\" class=\"elementor-field-label\">\n\t\t\t\t\t\t\t\tOsobna te\u017eina\t\t\t\t\t\t\t<\/label>\n\t\t\t\t\t\t\t\t\t<input type=\"number\" name=\"form_fields[field_cc4cbf3]\" id=\"form-field-field_cc4cbf3\" class=\"elementor-field elementor-size-sm  elementor-field-textual\" required=\"required\" min=\"\" max=\"\" >\n\t\t\t\t\t\t<\/div>\n\t\t\t\t\t\t\t\t<div class=\"elementor-field-type-number elementor-field-group elementor-column elementor-field-group-field_11dccc5 elementor-col-25 elementor-field-required\">\n\t\t\t\t\t\t\t\t\t\t\t\t<label for=\"form-field-field_11dccc5\" class=\"elementor-field-label\">\n\t\t\t\t\t\t\t\tBroj poklon bona\t\t\t\t\t\t\t<\/label>\n\t\t\t\t\t\t\t\t\t<input type=\"number\" name=\"form_fields[field_11dccc5]\" id=\"form-field-field_11dccc5\" class=\"elementor-field elementor-size-sm  elementor-field-textual\" required=\"required\" min=\"\" max=\"\" >\n\t\t\t\t\t\t<\/div>\n\t\t\t\t\t\t\t\t<div class=\"elementor-field-type-repeater elementor-field-group elementor-column elementor-field-group-field_f6709e5 elementor-col-100\">\n\t\t\t\t\t\t\t<div class=\"elementor-field-repeater-end\" data-initial_rows=\"1\" data-initial_rows_map=\"\" data-map_id=\"elementor-field-group-field_f6709e5\" data-limit=\"4\"  >\n\t\t\t<div class=\"repeater-field-warp-item\">\n\t\t\t<\/div>\n\t\t\t<div class=\"repeater-field-footer\"><a href=\"#\" class=\"repeater-field-button-add\" style=\"padding:3px 24px 3px 24px; border-width:0px 0px 0px 0px; border-radius:5px 5px 5px 5px; color:#ffffff; background:#69727d; border-color:#69727d; border-style:solid; \" >dodaj potnika<\/a><\/div>\n\t\t\t<input type=\"hidden\" name=\"form_fields[field_f6709e5]\" id=\"form-field-field_f6709e5\" class=\"elementor-field elementor-size-sm  elementor-field-repeater-data\" >\n\t\t\t<textarea class=\"elementor-field-repeater-data-html hidden\"><\/textarea>\n\t\t<\/div>\n\t\t\t\t\t\t<\/div>\n\t\t\t\t\t\t\t\t<div class=\"elementor-field-type-html elementor-field-group elementor-column elementor-field-group-field_9569e35 elementor-col-100\">\n\t\t\t\t\t<br>Unesite svoj email, koji \u0107e slu\u017eiti kao kontakt\t\t\t\t<\/div>\n\t\t\t\t\t\t\t\t<div class=\"elementor-field-type-email elementor-field-group elementor-column elementor-field-group-email elementor-col-100 elementor-field-required\">\n\t\t\t\t\t\t\t\t\t\t\t\t\t<input size=\"1\" type=\"email\" name=\"form_fields[email]\" id=\"form-field-email\" class=\"elementor-field elementor-size-sm  elementor-field-textual\" required=\"required\">\n\t\t\t\t\t\t\t\t\t\t\t<\/div>\n\t\t\t\t\t\t\t\t<div class=\"elementor-field-type-textarea elementor-field-group elementor-column elementor-field-group-message elementor-col-100\">\n\t\t\t\t\t<textarea class=\"elementor-field-textual elementor-field  elementor-size-sm\" name=\"form_fields[message]\" id=\"form-field-message\" rows=\"4\" placeholder=\"Napomene\"><\/textarea>\t\t\t\t<\/div>\n\t\t\t\t\t\t\t\t<div class=\"elementor-field-type-html elementor-field-group elementor-column elementor-field-group-field_20a27ae elementor-col-100\">\n\t\t\t\t\t<br>\t\t\t\t<\/div>\n\t\t\t\t\t\t\t\t<div class=\"elementor-field-type-acceptance elementor-field-group elementor-column elementor-field-group-field_e01c37f elementor-col-100 elementor-field-required\">\n\t\t\t\t\t\t\t<div class=\"elementor-field-subgroup\">\n\t\t\t<span class=\"elementor-field-option\">\n\t\t\t\t<input type=\"checkbox\" name=\"form_fields[field_e01c37f]\" id=\"form-field-field_e01c37f\" class=\"elementor-field elementor-size-sm  elementor-acceptance-field\" required=\"required\">\n\t\t\t\t<label for=\"form-field-field_e01c37f\">Sla\u017eem se s kori\u0161tenjem podataka isklju\u010divo u svrhu najave leta i kontakta u vezi leta.<\/label>\t\t\t<\/span>\n\t\t<\/div>\n\t\t\t\t\t\t<\/div>\n\t\t\t\t\t\t\t\t<div class=\"elementor-field-type-html elementor-field-group elementor-column elementor-field-group-field_c63b50e elementor-col-100\">\n\t\t\t\t\t<br>\t\t\t\t<\/div>\n\t\t\t\t\t\t\t\t<div class=\"elementor-field-group elementor-column elementor-field-type-submit elementor-col-100 e-form__buttons\">\n\t\t\t\t\t<button class=\"elementor-button elementor-size-sm\" type=\"submit\">\n\t\t\t\t\t\t<span class=\"elementor-button-content-wrapper\">\n\t\t\t\t\t\t\t\t\t\t\t\t\t\t\t\t\t\t\t\t\t\t<span class=\"elementor-button-text\">Registracija na let balonom<\/span>\n\t\t\t\t\t\t\t\t\t\t\t\t\t<\/span>\n\t\t\t\t\t<\/button>\n\t\t\t\t<\/div>\n\t\t\t<\/div>\n\t\t<\/form>\n\t\t\t\t\t\t<\/div>\n\t\t\t\t<\/div>\n\t\t\t\t\t<\/div>\n\t\t\t\t<\/div>\n\t\t\t\t<\/div>\n\t\t","protected":false},"excerpt":{"rendered":"<p>Pred vama je obrazac ili registracija na let balonom. Molimo vas, da ispunite prijavu prema uputama u SMS-u ili e-poruci koju smo vam poslali. Podaci \u0107e se koristiti u &#8220;Registraciji na let balonom&#8221;, koju moramo ispuniti prije svakog leta s CAA (Upravom za civilno zrakoplovstvo) i pohranjuju se isklju\u010divo u svrhu same prijave. Prijavnica je&hellip;<\/p>\n","protected":false},"author":1,"featured_media":0,"parent":0,"menu_order":0,"comment_status":"closed","ping_status":"closed","template":"","meta":{"_acf_changed":false,"footnotes":""},"class_list":["post-11350","page","type-page","status-publish","hentry"],"acf":[],"_links":{"self":[{"href":"https:\/\/www.poletzbalonom.si\/hr\/wp-json\/wp\/v2\/pages\/11350","targetHints":{"allow":["GET"]}}],"collection":[{"href":"https:\/\/www.poletzbalonom.si\/hr\/wp-json\/wp\/v2\/pages"}],"about":[{"href":"https:\/\/www.poletzbalonom.si\/hr\/wp-json\/wp\/v2\/types\/page"}],"author":[{"embeddable":true,"href":"https:\/\/www.poletzbalonom.si\/hr\/wp-json\/wp\/v2\/users\/1"}],"replies":[{"embeddable":true,"href":"https:\/\/www.poletzbalonom.si\/hr\/wp-json\/wp\/v2\/comments?post=11350"}],"version-history":[{"count":4,"href":"https:\/\/www.poletzbalonom.si\/hr\/wp-json\/wp\/v2\/pages\/11350\/revisions"}],"predecessor-version":[{"id":11355,"href":"https:\/\/www.poletzbalonom.si\/hr\/wp-json\/wp\/v2\/pages\/11350\/revisions\/11355"}],"wp:attachment":[{"href":"https:\/\/www.poletzbalonom.si\/hr\/wp-json\/wp\/v2\/media?parent=11350"}],"curies":[{"name":"wp","href":"https:\/\/api.w.org\/{rel}","templated":true}]}}