{"id":12624,"date":"2026-02-08T10:17:04","date_gmt":"2026-02-08T09:17:04","guid":{"rendered":"https:\/\/www.poletzbalonom.si\/?post_type=product&#038;p=12624"},"modified":"2026-02-08T10:17:42","modified_gmt":"2026-02-08T09:17:42","slug":"hot-air-balloon-ride-for-1-person-kopija-2","status":"publish","type":"product","link":"https:\/\/www.poletzbalonom.si\/en\/darilni-bon\/hot-air-balloon-ride-for-1-person-kopija-2\/","title":{"rendered":"Hot air balloon ride for 1 person (Kopija)"},"content":{"rendered":"<p>Darilni bon za polet z balonom za eno osebo vsebuje:<\/p>\n<ul>\n<li>polet \u010dez mesto ali 1 uro<\/li>\n<li>balonarski krst<\/li>\n<li>podelitev baronskega naziva oz. podelitev diplome<\/li>\n<li>penina<\/li>\n<li>zavarovanje<\/li>\n<li>prevoz<\/li>\n<\/ul>\n<p>Darilni bon vsebuje potrebne podatke za kontakt, obdarovanec nas pokli\u010de in uskladimo termin poleta. V primeru, da ima samo en darilni bon, ga priklju\u010dimo ostalim potnikom v ko\u0161ari.<\/p>\n<p>Mo\u017eno je dopla\u010dilo poleta za drugo ali tretjo osebo tudi na licu mesta, kar dogovorimo ob uskladitvi termina.<\/p>\n<p>Svetujemo, da si pozorno preberete tudi <a href=\"https:\/\/www.poletzbalonom.si\/splosni-pogoji\/\">Splo\u0161ne pogoje poslovanja<\/a><\/p>\n","protected":false},"excerpt":{"rendered":"<p>Darilni bon za polet z balonom za eno osebo. Za dodajanje darilnega bona v ko\u0161arico, izberite mesto poleta.<\/p>\n","protected":false},"featured_media":9466,"template":"","meta":{"_acf_changed":false},"product_brand":[],"product_cat":[55],"product_tag":[],"class_list":{"0":"post-12624","1":"product","2":"type-product","3":"status-publish","4":"has-post-thumbnail","6":"product_cat-gift-voucher","7":"description-off","9":"first","10":"instock","11":"shipping-taxable","12":"purchasable","13":"product-type-variable"},"acf":[],"_links":{"self":[{"href":"https:\/\/www.poletzbalonom.si\/en\/wp-json\/wp\/v2\/product\/12624","targetHints":{"allow":["GET"]}}],"collection":[{"href":"https:\/\/www.poletzbalonom.si\/en\/wp-json\/wp\/v2\/product"}],"about":[{"href":"https:\/\/www.poletzbalonom.si\/en\/wp-json\/wp\/v2\/types\/product"}],"wp:featuredmedia":[{"embeddable":true,"href":"https:\/\/www.poletzbalonom.si\/en\/wp-json\/wp\/v2\/media\/9466"}],"wp:attachment":[{"href":"https:\/\/www.poletzbalonom.si\/en\/wp-json\/wp\/v2\/media?parent=12624"}],"wp:term":[{"taxonomy":"product_brand","embeddable":true,"href":"https:\/\/www.poletzbalonom.si\/en\/wp-json\/wp\/v2\/product_brand?post=12624"},{"taxonomy":"product_cat","embeddable":true,"href":"https:\/\/www.poletzbalonom.si\/en\/wp-json\/wp\/v2\/product_cat?post=12624"},{"taxonomy":"product_tag","embeddable":true,"href":"https:\/\/www.poletzbalonom.si\/en\/wp-json\/wp\/v2\/product_tag?post=12624"}],"curies":[{"name":"wp","href":"https:\/\/api.w.org\/{rel}","templated":true}]}}