{"id":12738,"date":"2026-04-18T17:54:06","date_gmt":"2026-04-18T15:54:06","guid":{"rendered":"https:\/\/www.poletzbalonom.si\/?post_type=product&#038;p=12738"},"modified":"2026-04-19T19:54:30","modified_gmt":"2026-04-19T17:54:30","slug":"drzavno-prvenstvo","status":"publish","type":"product","link":"https:\/\/www.poletzbalonom.si\/de\/darilni-bon\/drzavno-prvenstvo\/","title":{"rendered":"Dr\u017eavno prvenstvo &#8211; Murska Sobota 2026"},"content":{"rendered":"","protected":false},"excerpt":{"rendered":"<p><strong>Odprto slovensko in mad\u017earsko prvenstvo toplozra\u010dnih balonov 2026<\/strong><\/p>\n<p>Od 24. do 28. junija se bo v Murski Soboti odvijalo odprto dr\u017eavno prvenstvo v letenju s toplozra\u010dnimi baloni. Organizator pri\u010dakuje 30+ prijavljenih ekip iz Slovenije, Hrva\u0161ke, Avstrije. Mad\u017earske, Litve, Indije in Poljske. Del tekmovanja bodo tudi festivalski poleti v okviru prvenstva, katerega se bomo udele\u017eili tudi mi. Resda ne bomo tekmovali, bomo pa iz ko\u0161are opazovali tekmovalce.<\/p>\n<p>Poleta se lahko udele\u017eite tudi vi, za vas imamo prostor v ko\u0161ari od petka zjutraj do nedelje zjutraj. Na polet lahko vzamemo po 2 osebi.<\/p>\n<p>Poleti so odvisni od vremena, potrebno je poudariti tudi to, da si tekmovalci privo\u0161\u010dijo tudi slab\u0161e pogoje za letenje, kar pa ne velja za nas &#8230; letimo v pogojih, ki nam omogo\u010dajo varen in lep polet. Odlo\u010ditev je pilotova&#8230;<\/p>\n<p>V primeru slabega vremena ali odpovedanega poleta, vam povrnemo celotno kupnino!<\/p>\n","protected":false},"featured_media":12744,"template":"","meta":{"_acf_changed":false},"product_brand":[],"product_cat":[84],"product_tag":[],"class_list":{"0":"post-12738","1":"product","2":"type-product","3":"status-publish","4":"has-post-thumbnail","6":"product_cat-festival","7":"description-off","9":"first","10":"instock","11":"shipping-taxable","12":"purchasable","13":"product-type-variable"},"acf":[],"_links":{"self":[{"href":"https:\/\/www.poletzbalonom.si\/de\/wp-json\/wp\/v2\/product\/12738","targetHints":{"allow":["GET"]}}],"collection":[{"href":"https:\/\/www.poletzbalonom.si\/de\/wp-json\/wp\/v2\/product"}],"about":[{"href":"https:\/\/www.poletzbalonom.si\/de\/wp-json\/wp\/v2\/types\/product"}],"wp:featuredmedia":[{"embeddable":true,"href":"https:\/\/www.poletzbalonom.si\/de\/wp-json\/wp\/v2\/media\/12744"}],"wp:attachment":[{"href":"https:\/\/www.poletzbalonom.si\/de\/wp-json\/wp\/v2\/media?parent=12738"}],"wp:term":[{"taxonomy":"product_brand","embeddable":true,"href":"https:\/\/www.poletzbalonom.si\/de\/wp-json\/wp\/v2\/product_brand?post=12738"},{"taxonomy":"product_cat","embeddable":true,"href":"https:\/\/www.poletzbalonom.si\/de\/wp-json\/wp\/v2\/product_cat?post=12738"},{"taxonomy":"product_tag","embeddable":true,"href":"https:\/\/www.poletzbalonom.si\/de\/wp-json\/wp\/v2\/product_tag?post=12738"}],"curies":[{"name":"wp","href":"https:\/\/api.w.org\/{rel}","templated":true}]}}